{"id":853,"date":"2024-08-30T05:49:11","date_gmt":"2024-08-30T05:49:11","guid":{"rendered":"https:\/\/watkhaosumpaothongschool.com\/?page_id=853"},"modified":"2024-08-30T05:49:12","modified_gmt":"2024-08-30T05:49:12","slug":"ita-o19","status":"publish","type":"page","link":"https:\/\/watkhaosumpaothongschool.com\/?page_id=853","title":{"rendered":"ITA-o19"},"content":{"rendered":"\n\n\t\t\n\t\t<div id=\"ep-gutenberg-content-707424163c81100caa051e54d603089b\" class=\"ep-gutenberg-content   ep-percentage-width   ep-content-protection-disabled \">\n\t\t\t<div class=\"embedpress-inner-iframe emebedpress-unit-percent ep-doc-707424163c81100caa051e54d603089b\"  style=\"max-width:100%\" id=\"embedpress-pdf-1724996945132\">\n\t\t\t\t<div >\n\t\t\t\t\t<div class=\"ep-embed-content-wraper\"><div class=\"position-right-wraper gutenberg-pdf-wraper\"><iframe title=\"O19-01-+\u00ca-\u00ba\u00ca\u00a6++\u00ed\u00ca+\u00a6+\u00c8-\u00ca+\u00df+\u00f0\u00a5\u00d0\u00a6\u00a6\u00ca\u00c0+\u00d0\u00a5-\u00ca\u00ed+\u00a6\u00cf\u00f1\u00f1+++\u00f0\u00bf\u00cb+i(++.\u00a6\u00da\u00ca\u00a6\u00d3-\u00ce-\u00ba-+\u00c3\u00ba)\" class=\"embedpress-embed-document-pdf embedpress-pdf-1724996945132\" style=\"width:1200px;height:600px; max-width:100%; display: inline-block\" src=\"https:\/\/watkhaosumpaothongschool.com\/wp-admin\/admin-ajax.php?action=get_viewer&#038;file=https%3A%2F%2Fwatkhaosumpaothongschool.com%2Fwp-content%2Fuploads%2F2024%2F08%2FO19-01-E-oE%C2%A6iE%C2%A6E-Esd%C2%A5D%C2%A6%C2%A6EAD%C2%A5-Ei%C2%A6Innd%C2%BFEi.%C2%A6UE%C2%A6O-I-o-Ao.pdf#key=dGhlbWVNb2RlPWRlZmF1bHQmdG9vbGJhcj10cnVlJnBvc2l0aW9uPXRvcCZwcmVzZW50YXRpb249dHJ1ZSZsYXp5TG9hZD1mYWxzZSZkb3dubG9hZD10cnVlJmNvcHlfdGV4dD10cnVlJmFkZF90ZXh0PXRydWUmZHJhdz1mYWxzZSZkb2Nfcm90YXRpb249dHJ1ZSZhZGRfaW1hZ2U9dHJ1ZSZkb2NfZGV0YWlscz10cnVlJnpvb21faW49dHJ1ZSZ6b29tX291dD10cnVlJmZpdF92aWV3PXRydWUmYm9va21hcms9dHJ1ZSZmbGlwYm9va190b29sYmFyX3Bvc2l0aW9uPWJvdHRvbSZzZWxlY3Rpb25fdG9vbD0wJnNjcm9sbGluZz0tMSZzcHJlYWRzPS0x\" frameborder=\"0\" oncontextmenu=\"return false;\"><\/iframe> <\/div><\/div>\n\t\t\t\t\t\t\t\t\t<\/div>\n\t\t\t<\/div>\n\t\t<\/div>\n\t","protected":false},"excerpt":{"rendered":"","protected":false},"author":1,"featured_media":0,"parent":0,"menu_order":0,"comment_status":"closed","ping_status":"closed","template":"","meta":{"footnotes":""},"class_list":["post-853","page","type-page","status-publish","hentry"],"_links":{"self":[{"href":"https:\/\/watkhaosumpaothongschool.com\/index.php?rest_route=\/wp\/v2\/pages\/853","targetHints":{"allow":["GET"]}}],"collection":[{"href":"https:\/\/watkhaosumpaothongschool.com\/index.php?rest_route=\/wp\/v2\/pages"}],"about":[{"href":"https:\/\/watkhaosumpaothongschool.com\/index.php?rest_route=\/wp\/v2\/types\/page"}],"author":[{"embeddable":true,"href":"https:\/\/watkhaosumpaothongschool.com\/index.php?rest_route=\/wp\/v2\/users\/1"}],"replies":[{"embeddable":true,"href":"https:\/\/watkhaosumpaothongschool.com\/index.php?rest_route=%2Fwp%2Fv2%2Fcomments&post=853"}],"version-history":[{"count":1,"href":"https:\/\/watkhaosumpaothongschool.com\/index.php?rest_route=\/wp\/v2\/pages\/853\/revisions"}],"predecessor-version":[{"id":855,"href":"https:\/\/watkhaosumpaothongschool.com\/index.php?rest_route=\/wp\/v2\/pages\/853\/revisions\/855"}],"wp:attachment":[{"href":"https:\/\/watkhaosumpaothongschool.com\/index.php?rest_route=%2Fwp%2Fv2%2Fmedia&parent=853"}],"curies":[{"name":"wp","href":"https:\/\/api.w.org\/{rel}","templated":true}]}}