{"id":710,"date":"2024-08-28T06:53:31","date_gmt":"2024-08-28T06:53:31","guid":{"rendered":"https:\/\/watkhaosumpaothongschool.com\/?page_id=710"},"modified":"2024-08-28T06:53:32","modified_gmt":"2024-08-28T06:53:32","slug":"ita-o12","status":"publish","type":"page","link":"https:\/\/watkhaosumpaothongschool.com\/?page_id=710","title":{"rendered":"ITA-o12"},"content":{"rendered":"\n\n\t\t\n\t\t<div id=\"ep-gutenberg-content-5209b114be8b2b5a04cb11f339c4af68\" class=\"ep-gutenberg-content   ep-percentage-width   ep-content-protection-disabled \">\n\t\t\t<div class=\"embedpress-inner-iframe emebedpress-unit-percent ep-doc-5209b114be8b2b5a04cb11f339c4af68\"  style=\"max-width:100%\" id=\"embedpress-pdf-1724828002406\">\n\t\t\t\t<div >\n\t\t\t\t\t<div class=\"ep-embed-content-wraper\"><div class=\"position-right-wraper gutenberg-pdf-wraper\"><iframe title=\"o12-\u00f3\u00da&#8211;++\u00d3\u00ac\u00c8\u00ba-\u00c2\u00c8\u00c1\u00c8\u00ed\u00ca+\u00d2-\u00da\u00a6+\u00c8\u00ed\u00ca+(++.\u00a6\u00da\u00ca\u00a6\u00d3-\u00ce-\u00ba-+\u00c3\u00ba)\" class=\"embedpress-embed-document-pdf embedpress-pdf-1724828002406\" style=\"width:1200px;height:600px; max-width:100%; display: inline-block\" src=\"https:\/\/watkhaosumpaothongschool.com\/wp-admin\/admin-ajax.php?action=get_viewer&#038;file=https%3A%2F%2Fwatkhaosumpaothongschool.com%2Fwp-content%2Fuploads%2F2024%2F08%2Fo12-oU-O%C2%ACEo-AEAEiEO-U%C2%A6EiE.%C2%A6UE%C2%A6O-I-o-Ao.pdf#key=dGhlbWVNb2RlPWRlZmF1bHQmdG9vbGJhcj10cnVlJnBvc2l0aW9uPXRvcCZwcmVzZW50YXRpb249dHJ1ZSZsYXp5TG9hZD1mYWxzZSZkb3dubG9hZD10cnVlJmNvcHlfdGV4dD10cnVlJmFkZF90ZXh0PXRydWUmZHJhdz1mYWxzZSZkb2Nfcm90YXRpb249dHJ1ZSZhZGRfaW1hZ2U9dHJ1ZSZkb2NfZGV0YWlscz10cnVlJnpvb21faW49dHJ1ZSZ6b29tX291dD10cnVlJmZpdF92aWV3PXRydWUmYm9va21hcms9dHJ1ZSZmbGlwYm9va190b29sYmFyX3Bvc2l0aW9uPWJvdHRvbSZzZWxlY3Rpb25fdG9vbD0wJnNjcm9sbGluZz0tMSZzcHJlYWRzPS0x\" frameborder=\"0\" oncontextmenu=\"return false;\"><\/iframe> <\/div><\/div>\n\t\t\t\t\t\t\t\t\t<\/div>\n\t\t\t<\/div>\n\t\t<\/div>\n\t","protected":false},"excerpt":{"rendered":"","protected":false},"author":1,"featured_media":0,"parent":0,"menu_order":0,"comment_status":"closed","ping_status":"closed","template":"","meta":{"footnotes":""},"class_list":["post-710","page","type-page","status-publish","hentry"],"_links":{"self":[{"href":"https:\/\/watkhaosumpaothongschool.com\/index.php?rest_route=\/wp\/v2\/pages\/710","targetHints":{"allow":["GET"]}}],"collection":[{"href":"https:\/\/watkhaosumpaothongschool.com\/index.php?rest_route=\/wp\/v2\/pages"}],"about":[{"href":"https:\/\/watkhaosumpaothongschool.com\/index.php?rest_route=\/wp\/v2\/types\/page"}],"author":[{"embeddable":true,"href":"https:\/\/watkhaosumpaothongschool.com\/index.php?rest_route=\/wp\/v2\/users\/1"}],"replies":[{"embeddable":true,"href":"https:\/\/watkhaosumpaothongschool.com\/index.php?rest_route=%2Fwp%2Fv2%2Fcomments&post=710"}],"version-history":[{"count":1,"href":"https:\/\/watkhaosumpaothongschool.com\/index.php?rest_route=\/wp\/v2\/pages\/710\/revisions"}],"predecessor-version":[{"id":712,"href":"https:\/\/watkhaosumpaothongschool.com\/index.php?rest_route=\/wp\/v2\/pages\/710\/revisions\/712"}],"wp:attachment":[{"href":"https:\/\/watkhaosumpaothongschool.com\/index.php?rest_route=%2Fwp%2Fv2%2Fmedia&parent=710"}],"curies":[{"name":"wp","href":"https:\/\/api.w.org\/{rel}","templated":true}]}}