{"id":656,"date":"2024-08-28T05:22:53","date_gmt":"2024-08-28T05:22:53","guid":{"rendered":"https:\/\/watkhaosumpaothongschool.com\/?page_id=656"},"modified":"2024-08-28T11:27:31","modified_gmt":"2024-08-28T11:27:31","slug":"ita-o03","status":"publish","type":"page","link":"https:\/\/watkhaosumpaothongschool.com\/?page_id=656","title":{"rendered":"ITA-o03"},"content":{"rendered":"\n\n\t\t\n\t\t<div id=\"ep-gutenberg-content-2c05d32dca98a6621926e8ed8cb75dc7\" class=\"ep-gutenberg-content   ep-percentage-width   ep-content-protection-disabled \">\n\t\t\t<div class=\"embedpress-inner-iframe emebedpress-unit-percent ep-doc-2c05d32dca98a6621926e8ed8cb75dc7\"  style=\"max-width:100%\" id=\"embedpress-pdf-1724844401957\">\n\t\t\t\t<div >\n\t\t\t\t\t<div class=\"ep-embed-content-wraper\"><div class=\"position-right-wraper gutenberg-pdf-wraper\"><iframe title=\"o3-01-\u00f1+\u00de-\u00ce-\u00ed\u00ca+\u00a6+\u00c8\u00ed\u00ca+-\u00c2\u00ca\u00a6+\u00cd\u00ed+\u00ca2567(++.\u00c3\u00d0\u00a6\u00d3\u00f3\u00ca-\u00cb\u00d3+\u00ca\u00c0-\u00ba)\" class=\"embedpress-embed-document-pdf embedpress-pdf-1724844401957\" style=\"width:1200px;height:600px; max-width:100%; display: inline-block\" src=\"https:\/\/watkhaosumpaothongschool.com\/wp-admin\/admin-ajax.php?action=get_viewer&#038;file=https%3A%2F%2Fwatkhaosumpaothongschool.com%2Fwp-content%2Fuploads%2F2024%2F08%2Fo3-01-nTH-I-iE%C2%A6EiE-AE%C2%A6IiE2567.AD%C2%A6OoE-EOEA-o-1.pdf#key=dGhlbWVNb2RlPWRlZmF1bHQmdG9vbGJhcj10cnVlJnBvc2l0aW9uPXRvcCZwcmVzZW50YXRpb249dHJ1ZSZsYXp5TG9hZD1mYWxzZSZkb3dubG9hZD10cnVlJmNvcHlfdGV4dD10cnVlJmFkZF90ZXh0PXRydWUmZHJhdz1mYWxzZSZkb2Nfcm90YXRpb249dHJ1ZSZhZGRfaW1hZ2U9dHJ1ZSZkb2NfZGV0YWlscz10cnVlJnpvb21faW49dHJ1ZSZ6b29tX291dD10cnVlJmZpdF92aWV3PXRydWUmYm9va21hcms9dHJ1ZSZmbGlwYm9va190b29sYmFyX3Bvc2l0aW9uPWJvdHRvbSZzZWxlY3Rpb25fdG9vbD0wJnNjcm9sbGluZz0tMSZzcHJlYWRzPS0x\" frameborder=\"0\" oncontextmenu=\"return false;\"><\/iframe> <\/div><\/div>\n\t\t\t\t\t\t\t\t\t<\/div>\n\t\t\t<\/div>\n\t\t<\/div>\n\t\n\n\n\n\t\t\n\t\t<div id=\"ep-gutenberg-content-4dd988fd79b9e879e92ec974a4a46030\" class=\"ep-gutenberg-content   ep-percentage-width   ep-content-protection-disabled \">\n\t\t\t<div class=\"embedpress-inner-iframe emebedpress-unit-percent ep-doc-4dd988fd79b9e879e92ec974a4a46030\"  style=\"max-width:100%\" id=\"embedpress-pdf-1724844429671\">\n\t\t\t\t<div >\n\t\t\t\t\t<div class=\"ep-embed-content-wraper\"><div class=\"position-right-wraper gutenberg-pdf-wraper\"><iframe title=\"o3-02-+\u00ca+\u00ed\u00c8\u00bf\u00a6\u00c0\u00a6\u00ca\u00c0-\u00cb\u00a6\u00ca\u00bf-\u00a6\u00da\u00ca\u00c0i\u00de\u00d4+\u00ba\u00d3+i-\u00a6\" class=\"embedpress-embed-document-pdf embedpress-pdf-1724844429671\" style=\"width:1200px;height:600px; max-width:100%; display: inline-block\" src=\"https:\/\/watkhaosumpaothongschool.com\/wp-admin\/admin-ajax.php?action=get_viewer&#038;file=https%3A%2F%2Fwatkhaosumpaothongschool.com%2Fwp-content%2Fuploads%2F2024%2F08%2Fo3-02-EiE%C2%BF%C2%A6A%C2%A6EA-E%C2%A6E%C2%BF-%C2%A6UEAiTHOoOi-%C2%A6-1.pdf#key=dGhlbWVNb2RlPWRlZmF1bHQmdG9vbGJhcj10cnVlJnBvc2l0aW9uPXRvcCZwcmVzZW50YXRpb249dHJ1ZSZsYXp5TG9hZD1mYWxzZSZkb3dubG9hZD10cnVlJmNvcHlfdGV4dD10cnVlJmFkZF90ZXh0PXRydWUmZHJhdz1mYWxzZSZkb2Nfcm90YXRpb249dHJ1ZSZhZGRfaW1hZ2U9dHJ1ZSZkb2NfZGV0YWlscz10cnVlJnpvb21faW49dHJ1ZSZ6b29tX291dD10cnVlJmZpdF92aWV3PXRydWUmYm9va21hcms9dHJ1ZSZmbGlwYm9va190b29sYmFyX3Bvc2l0aW9uPWJvdHRvbSZzZWxlY3Rpb25fdG9vbD0wJnNjcm9sbGluZz0tMSZzcHJlYWRzPS0x\" frameborder=\"0\" oncontextmenu=\"return false;\"><\/iframe> <\/div><\/div>\n\t\t\t\t\t\t\t\t\t<\/div>\n\t\t\t<\/div>\n\t\t<\/div>\n\t","protected":false},"excerpt":{"rendered":"","protected":false},"author":1,"featured_media":0,"parent":0,"menu_order":0,"comment_status":"closed","ping_status":"closed","template":"","meta":{"footnotes":""},"class_list":["post-656","page","type-page","status-publish","hentry"],"_links":{"self":[{"href":"https:\/\/watkhaosumpaothongschool.com\/index.php?rest_route=\/wp\/v2\/pages\/656","targetHints":{"allow":["GET"]}}],"collection":[{"href":"https:\/\/watkhaosumpaothongschool.com\/index.php?rest_route=\/wp\/v2\/pages"}],"about":[{"href":"https:\/\/watkhaosumpaothongschool.com\/index.php?rest_route=\/wp\/v2\/types\/page"}],"author":[{"embeddable":true,"href":"https:\/\/watkhaosumpaothongschool.com\/index.php?rest_route=\/wp\/v2\/users\/1"}],"replies":[{"embeddable":true,"href":"https:\/\/watkhaosumpaothongschool.com\/index.php?rest_route=%2Fwp%2Fv2%2Fcomments&post=656"}],"version-history":[{"count":4,"href":"https:\/\/watkhaosumpaothongschool.com\/index.php?rest_route=\/wp\/v2\/pages\/656\/revisions"}],"predecessor-version":[{"id":806,"href":"https:\/\/watkhaosumpaothongschool.com\/index.php?rest_route=\/wp\/v2\/pages\/656\/revisions\/806"}],"wp:attachment":[{"href":"https:\/\/watkhaosumpaothongschool.com\/index.php?rest_route=%2Fwp%2Fv2%2Fmedia&parent=656"}],"curies":[{"name":"wp","href":"https:\/\/api.w.org\/{rel}","templated":true}]}}