{"id":634,"date":"2024-08-27T05:57:29","date_gmt":"2024-08-27T05:57:29","guid":{"rendered":"https:\/\/watkhaosumpaothongschool.com\/?page_id=634"},"modified":"2024-08-28T06:40:08","modified_gmt":"2024-08-28T06:40:08","slug":"ita-o22","status":"publish","type":"page","link":"https:\/\/watkhaosumpaothongschool.com\/?page_id=634","title":{"rendered":"ITA-O22"},"content":{"rendered":"\n\n\t\t\n\t\t<div id=\"ep-gutenberg-content-336df1312d34413b4641bc163350abb1\" class=\"ep-gutenberg-content   ep-percentage-width   ep-content-protection-disabled \">\n\t\t\t<div class=\"embedpress-inner-iframe emebedpress-unit-percent ep-doc-336df1312d34413b4641bc163350abb1\"  style=\"max-width:100%\" id=\"embedpress-pdf-1724738238934\">\n\t\t\t\t<div >\n\t\t\t\t\t<div class=\"ep-embed-content-wraper\"><div class=\"position-right-wraper gutenberg-pdf-wraper\"><iframe title=\"o22-\u00f1+\u00de-\u00ce-\u00ed\u00ca++\u00bb\u00c8\u00a6\u00d0\u00c1\u00c8\u00ba\u00ca\u00a6+\u00d0\u00a6\u00d3+\u00ce\u00de-\u00ba+\u00ca\u00c3+\u00da-\u00ba\u00c0\u00cf\u00ed\u00f3\u00fd(++.\u00c3\u00d0\u00a6\u00d3\u00f3\u00ca-\u00cb\u00d3+\u00ca\u00c0-\u00ba)\" class=\"embedpress-embed-document-pdf embedpress-pdf-1724738238934\" style=\"width:1200px;height:600px; max-width:100%; display: inline-block\" src=\"https:\/\/watkhaosumpaothongschool.com\/wp-admin\/admin-ajax.php?action=get_viewer&#038;file=https%3A%2F%2Fwatkhaosumpaothongschool.com%2Fwp-content%2Fuploads%2F2024%2F08%2Fo22-nTH-I-iEE%C2%A6DAEoE%C2%A6D%C2%A6OITH-oEAU-oAIioy.AD%C2%A6OoE-EOEA-o.pdf#key=dGhlbWVNb2RlPWRlZmF1bHQmdG9vbGJhcj10cnVlJnBvc2l0aW9uPXRvcCZwcmVzZW50YXRpb249dHJ1ZSZsYXp5TG9hZD1mYWxzZSZkb3dubG9hZD10cnVlJmNvcHlfdGV4dD10cnVlJmFkZF90ZXh0PXRydWUmZHJhdz1mYWxzZSZkb2Nfcm90YXRpb249dHJ1ZSZhZGRfaW1hZ2U9dHJ1ZSZkb2NfZGV0YWlscz10cnVlJnpvb21faW49dHJ1ZSZ6b29tX291dD10cnVlJmZpdF92aWV3PXRydWUmYm9va21hcms9dHJ1ZSZmbGlwYm9va190b29sYmFyX3Bvc2l0aW9uPWJvdHRvbSZzZWxlY3Rpb25fdG9vbD0wJnNjcm9sbGluZz0tMSZzcHJlYWRzPS0x\" frameborder=\"0\" oncontextmenu=\"return false;\"><\/iframe> <\/div><\/div>\n\t\t\t\t\t\t\t\t\t<\/div>\n\t\t\t<\/div>\n\t\t<\/div>\n\t","protected":false},"excerpt":{"rendered":"","protected":false},"author":1,"featured_media":0,"parent":0,"menu_order":0,"comment_status":"closed","ping_status":"closed","template":"","meta":{"footnotes":""},"class_list":["post-634","page","type-page","status-publish","hentry"],"_links":{"self":[{"href":"https:\/\/watkhaosumpaothongschool.com\/index.php?rest_route=\/wp\/v2\/pages\/634","targetHints":{"allow":["GET"]}}],"collection":[{"href":"https:\/\/watkhaosumpaothongschool.com\/index.php?rest_route=\/wp\/v2\/pages"}],"about":[{"href":"https:\/\/watkhaosumpaothongschool.com\/index.php?rest_route=\/wp\/v2\/types\/page"}],"author":[{"embeddable":true,"href":"https:\/\/watkhaosumpaothongschool.com\/index.php?rest_route=\/wp\/v2\/users\/1"}],"replies":[{"embeddable":true,"href":"https:\/\/watkhaosumpaothongschool.com\/index.php?rest_route=%2Fwp%2Fv2%2Fcomments&post=634"}],"version-history":[{"count":2,"href":"https:\/\/watkhaosumpaothongschool.com\/index.php?rest_route=\/wp\/v2\/pages\/634\/revisions"}],"predecessor-version":[{"id":703,"href":"https:\/\/watkhaosumpaothongschool.com\/index.php?rest_route=\/wp\/v2\/pages\/634\/revisions\/703"}],"wp:attachment":[{"href":"https:\/\/watkhaosumpaothongschool.com\/index.php?rest_route=%2Fwp%2Fv2%2Fmedia&parent=634"}],"curies":[{"name":"wp","href":"https:\/\/api.w.org\/{rel}","templated":true}]}}